{"id":14,"date":"2026-01-02T18:13:38","date_gmt":"2026-01-02T18:13:38","guid":{"rendered":"https:\/\/www.centrocapilaranariestra.com\/?page_id=14"},"modified":"2026-03-10T23:16:39","modified_gmt":"2026-03-10T23:16:39","slug":"14-2","status":"publish","type":"page","link":"https:\/\/www.centrocapilaranariestra.com\/","title":{"rendered":"Inicio"},"content":{"rendered":"<div class=\"wpb-content-wrapper\"><p>[vc_row][vc_column][vc_empty_space height=\u00bb50px\u00bb][vc_column_text css=\u00bb\u00bb]<\/p>\n<h1 style=\"text-align: center;\">CENTRO CAPILAR ANA RIESTRA<\/h1>\n<p>[\/vc_column_text][vc_single_image image=\u00bb29&#8243; img_size=\u00bbmedium\u00bb alignment=\u00bbcenter\u00bb css=\u00bb\u00bb][vc_separator color=\u00bbblack\u00bb css=\u00bb\u00bb][vc_column_text css=\u00bb\u00bb]En CENTRO CAPILAR ANA RIESTRA, somos especialistas en salud capilar. Tratamos problemas y desequilibrios en tu cabello y cuero cabelludo. Algunos de nuestros \u00a0servicios son:[\/vc_column_text][\/vc_column][\/vc_row][vc_row][vc_column width=\u00bb2\/6&#8243; css=\u00bb.vc_custom_1773181501539{border-color: #000000 !important;}\u00bb _et_uniqid=\u00bbet_custom_uniqid_new_69b09a29da6a4&#8243;][vc_single_image image=\u00bb71&#8243; img_size=\u00bbfull\u00bb alignment=\u00bbcenter\u00bb css=\u00bb\u00bb][\/vc_column][vc_column width=\u00bb4\/6&#8243;][vc_column_text css=\u00bb\u00bb]<\/p>\n<h3 class=\"vc_custom_heading vc_do_custom_heading vc_custom_1639734440442\">Diagn\u00f3stico capilar (tricograma)<\/h3>\n<div class=\"wpb_text_column wpb_content_element\">\n<div class=\"wpb_wrapper\">\n<div class=\"format-content-p margin-t-5\">\n<p>Trabajamos el\u00a0<strong>SISTEMA JALD\u00daN<\/strong>, de diagn\u00f3stico capilar y pertenecemos al exclusivo grupo de\u00a0<a href=\"https:\/\/jaldun.com\/centros-capilares\/\" target=\"_blank\" rel=\"noopener noreferrer\">JALD\u00daN CENTROS CAPILARES<\/a><\/p>\n<p>Siempre form\u00e1ndonos y asesor\u00e1ndonos con el sistema JALD\u00daN.<\/p>\n<p><a href=\"http:\/\/www.jaldun.com\/\" target=\"_blank\" rel=\"noopener noreferrer\" data-saferedirecturl=\"https:\/\/www.google.com\/url?q=http:\/\/www.jaldun.com&amp;source=gmail&amp;ust=1568786781456000&amp;usg=AFQjCNFjWepAYE6FzEVURPZ3gLATknLkWA\">www.jaldun.com<\/a><\/p>\n<p>Diagn\u00f3stico capilar con microc\u00e1mara. Te damos presupuesto completo para tratamiento de ca\u00edda del cabello, seborrea, caspa, descamaci\u00f3n, deshidrataci\u00f3n, dermatitis, psoriasis o cualquier otro problema relacionado con el cuero cabelludo.<\/p>\n<\/div>\n<\/div>\n<\/div>\n<p>[\/vc_column_text][\/vc_column][\/vc_row][vc_row][vc_column width=\u00bb2\/6&#8243; css=\u00bb.vc_custom_1773181501539{border-color: #000000 !important;}\u00bb _et_uniqid=\u00bbet_custom_uniqid_new_69b09a29da6a4&#8243;][vc_single_image image=\u00bb76&#8243; img_size=\u00bbfull\u00bb alignment=\u00bbcenter\u00bb css=\u00bb\u00bb][\/vc_column][vc_column width=\u00bb4\/6&#8243;][vc_column_text css=\u00bb\u00bb]<\/p>\n<h3 class=\"vc_custom_heading vc_do_custom_heading vc_custom_1568707730384\">Oxigenaci\u00f3n Capilar<\/h3>\n<div class=\"wpb_text_column wpb_content_element\">\n<div class=\"wpb_wrapper\">\n<div class=\"format-content-p margin-t-5\">\n<p>Elimina las c\u00e9lulas muertas y limpia residuos e impurezas que se acumulan en nuestro cuero cabelludo. Previene y mejora: dermatitis y alergias, hongos (habitual en ni\u00f1os y adolescentes por mal aclarado de cabeza), ca\u00edda de pelo etc .<\/p>\n<\/div>\n<\/div>\n<\/div>\n<p>[\/vc_column_text][\/vc_column][\/vc_row][vc_row][vc_column width=\u00bb2\/6&#8243; css=\u00bb.vc_custom_1773181501539{border-color: #000000 !important;}\u00bb _et_uniqid=\u00bbet_custom_uniqid_new_69b09a29da6a4&#8243;][vc_single_image image=\u00bb78&#8243; img_size=\u00bbfull\u00bb alignment=\u00bbcenter\u00bb css=\u00bb\u00bb][\/vc_column][vc_column width=\u00bb4\/6&#8243;][vc_column_text css=\u00bb\u00bb]<\/p>\n<h3 class=\"vc_custom_heading vc_do_custom_heading vc_custom_1568707960420\">Actividerma ( estimulaci\u00f3n d\u00e9rmica profunda)<\/h3>\n<div class=\"wpb_text_column wpb_content_element\">\n<div class=\"wpb_wrapper\">\n<div class=\"format-content-p margin-t-5\">\n<p>Dispositivo de micropunci\u00f3n. Terapia de inducci\u00f3n de col\u00e1geno para el rejuvenecimiento de la piel del cuero cabelludo. Facilita la absorci\u00f3n de los principios activos utilizados en los tratamientos para la ca\u00edda del cabello.<\/p>\n<\/div>\n<\/div>\n<\/div>\n<p>[\/vc_column_text][\/vc_column][\/vc_row][vc_row][vc_column][vc_column_text css=\u00bb\u00bb]<\/p>\n<h2 style=\"text-align: center;\">Ana Riestra de la Iglesia<\/h2>\n<h2 style=\"text-align: center;\">Tel\u00e9fono: 610 25 92 11<\/h2>\n<p style=\"text-align: center;\"><strong>anariestra.tecnicacapilar@jaldun.com<\/strong><\/p>\n<p style=\"text-align: center;\"><b>CA DONATO ARGUELLES, 16 Planta: EN Puerta: E, Gij\u00f3n, Principado de Asturias 33206, Espa\u00f1a<\/b><\/p>\n<p>[\/vc_column_text][\/vc_column][\/vc_row][vc_row][vc_column width=\u00bb1\/4&#8243;][\/vc_column][vc_column width=\u00bb1\/4&#8243;][vc_column_text css=\u00bb\u00bb]<\/p>\n<p style=\"text-align: right;\"><a href=\"https:\/\/www.centrocapilaranariestra.com\/index.php\/aviso-legal\/\">Aviso legal<\/a><\/p>\n<p>[\/vc_column_text][\/vc_column][vc_column width=\u00bb1\/4&#8243;][vc_column_text css=\u00bb\u00bb]<\/p>\n<p style=\"text-align: left;\"><a href=\"https:\/\/www.centrocapilaranariestra.com\/index.php\/politica-de-privacidad\/\">Pol\u00edtica de Privacidad<\/a><\/p>\n<p>[\/vc_column_text][\/vc_column][vc_column width=\u00bb1\/4&#8243;][\/vc_column][\/vc_row]<\/p>\n<\/div>","protected":false},"excerpt":{"rendered":"<p>[vc_row][vc_column][vc_empty_space height=\u00bb50px\u00bb][vc_column_text css=\u00bb\u00bb] CENTRO CAPILAR ANA RIESTRA [\/vc_column_text][vc_single_image image=\u00bb29&#8243; img_size=\u00bbmedium\u00bb alignment=\u00bbcenter\u00bb css=\u00bb\u00bb][vc_separator color=\u00bbblack\u00bb css=\u00bb\u00bb][vc_column_text css=\u00bb\u00bb]En CENTRO CAPILAR ANA RIESTRA, somos especialistas en salud capilar. Tratamos&#8230;<\/p>\n","protected":false},"author":1,"featured_media":0,"parent":0,"menu_order":0,"comment_status":"closed","ping_status":"closed","template":"","meta":{"footnotes":""},"class_list":["post-14","page","type-page","status-publish","hentry"],"_links":{"self":[{"href":"https:\/\/www.centrocapilaranariestra.com\/index.php\/wp-json\/wp\/v2\/pages\/14","targetHints":{"allow":["GET"]}}],"collection":[{"href":"https:\/\/www.centrocapilaranariestra.com\/index.php\/wp-json\/wp\/v2\/pages"}],"about":[{"href":"https:\/\/www.centrocapilaranariestra.com\/index.php\/wp-json\/wp\/v2\/types\/page"}],"author":[{"embeddable":true,"href":"https:\/\/www.centrocapilaranariestra.com\/index.php\/wp-json\/wp\/v2\/users\/1"}],"replies":[{"embeddable":true,"href":"https:\/\/www.centrocapilaranariestra.com\/index.php\/wp-json\/wp\/v2\/comments?post=14"}],"version-history":[{"count":55,"href":"https:\/\/www.centrocapilaranariestra.com\/index.php\/wp-json\/wp\/v2\/pages\/14\/revisions"}],"predecessor-version":[{"id":97,"href":"https:\/\/www.centrocapilaranariestra.com\/index.php\/wp-json\/wp\/v2\/pages\/14\/revisions\/97"}],"wp:attachment":[{"href":"https:\/\/www.centrocapilaranariestra.com\/index.php\/wp-json\/wp\/v2\/media?parent=14"}],"curies":[{"name":"wp","href":"https:\/\/api.w.org\/{rel}","templated":true}]}}