{"id":93,"date":"2026-03-10T23:14:28","date_gmt":"2026-03-10T23:14:28","guid":{"rendered":"https:\/\/www.centrocapilaranariestra.com\/?page_id=93"},"modified":"2026-03-10T23:14:28","modified_gmt":"2026-03-10T23:14:28","slug":"politica-de-privacidad","status":"publish","type":"page","link":"https:\/\/www.centrocapilaranariestra.com\/index.php\/politica-de-privacidad\/","title":{"rendered":"Pol\u00edtica de privacidad"},"content":{"rendered":"<div class=\"wpb-content-wrapper\"><p>[vc_row][vc_column][vc_column_text css=\u00bb\u00bb]Este sitio web es propiedad, y est\u00e1 bajo responsabilidad de:<\/p>\n<p>\u2022 Nombre: ANA RIESTRA DE LA IGLESIA.<br \/>\n\u2022 NIF: 10884672Z.<br \/>\n\u2022 Direcci\u00f3n: C\/ DONATO ARG\u00dcELLES 16, Entlo. E, 33206 GIJON (ASTURIAS).<br \/>\n\u2022 Correo: anariestra.tecnicacapilar@jaldun.com<br \/>\n\u2022 Direcci\u00f3n Web: https:\/\/www.centrocapilaranariestra.com\/<\/p>\n<p>Aunque en adelante nos llamaremos CENTRO CAPILAR o simplemente, \u201cnosotros\u201d, y a usted, que es el usuario de esta web le llamaremos \u201cusuario\u201d, usted o simplemente \u201ct\u00fa\u201d. El hecho de acceder a esta web implica el conocimiento y la aceptaci\u00f3n sin reservas de los siguientes t\u00e9rminos y condiciones.<br \/>\nA continuaci\u00f3n, le exponemos:<\/p>\n<h1 style=\"text-align: center;\">Pol\u00edtica de Privacidad<\/h1>\n<p>&nbsp;<\/p>\n<p>Para poder desarrollar nuestra actividad, realizamos tratamiento de los datos personales que nuestros clientes y usuarios nos proporcionan, a trav\u00e9s de los formularios habilitados tanto en nuestra p\u00e1gina web como en soporte f\u00edsico en nuestros puntos de atenci\u00f3n, con la finalidad de resolver sus consultas, gestionar las ventas y mantener informados a nuestros suscriptores acerca de las novedades disponibles en nuestro establecimiento que pudieran ser de su inter\u00e9s.<\/p>\n<p>Por otro lado, si a\u00fan no es nuestro cliente y solamente es un usuario de esta web, los \u00fanicos datos personales que tratamos acerca de usted son los gestionados a trav\u00e9s de las cookies que empleamos en esta web (lea nuestra pol\u00edtica de cookies para m\u00e1s informaci\u00f3n) y los que voluntariamente nos haya hecho llegar a trav\u00e9s de los medios de contacto que ponemos a su disposici\u00f3n en esta web para atenci\u00f3n a sus consultas.<\/p>\n<p>Adem\u00e1s, existe la posibilidad de que nuestros usuarios y clientes reciban peri\u00f3dicamente informaci\u00f3n acerca de novedades relacionadas con nuestra actividad, incluyendo informaci\u00f3n acerca de promociones comerciales, nuevos productos, noticias importantes del sector o que puedan ser de inter\u00e9s para ellos. Solo les remitiremos esta informaci\u00f3n si nos han prestado su consentimiento y, por supuesto, si deciden dejar de recibir este tipo de comunicaciones por nuestra parte solo tienen que indicarlo a trav\u00e9s de las formas de contacto que ponemos a su disposici\u00f3n en la web y en cada una de las comunicaciones que les enviamos.<\/p>\n<p>Por otra parte, debe saber que no realizamos selecci\u00f3n de personal a trav\u00e9s de esta web, por lo que si usted nos facilita datos personales porque esta\u0301 interesado en trabajar con nosotros, sus datos personales, incluidos los datos curriculares que pudiera proporcionarnos, sera\u0301n tratados unicamente para su inmediata supresi\u00f3n.<\/p>\n<p>A continuaci\u00f3n, le informamos acerca de los diferentes aspectos a tener en cuenta en el tratamiento de datos que realizamos de sus datos personales:<\/p>\n<h3>Finalidades del tratamiento<\/h3>\n<p>Realizar la gesti\u00f3n de las dudas y consultas que el usuario nos presenta, respecto a nuestros servicios, productos, precios, promociones o cualquier otra caracter\u00edstica mostrada o inducida a trav\u00e9s de la informaci\u00f3n que publicamos en la web, ya sea mediante el formulario habilitado para ello, por tel\u00e9fono o mediante el correo electr\u00f3nico que aparece en la web.<\/p>\n<p>Realizar la gesti\u00f3n de los datos personales relacionados con la comercializaci\u00f3n de nuestros productos y servicios.<\/p>\n<h3>Legitimaci\u00f3n del tratamiento<\/h3>\n<p>Para el desarrollo de la atenci\u00f3n a sus consultas y la gesti\u00f3n de ventas trataremos sus datos amparados en la ejecuci\u00f3n del contrato o en aplicaci\u00f3n de medidas precontractuales (Art. 6.1b RGPD).<\/p>\n<p>Estas legitimaciones son complementadas con el cumplimiento de obligaciones legales por parte de este responsable en los casos que corresponda.<\/p>\n<h3>Destinatarios de la informaci\u00f3n<\/h3>\n<p>Sus datos tienen como destinatarios nuestros encargados de tratamiento, las cuales se comprometen a cumplir con lo dispuesto en la legislaci\u00f3n vigente en materia de protecci\u00f3n de datos y con las instrucciones indicadas por nosotros respecto al tratamiento de datos, y no podr\u00e1n utilizarlos para una finalidad diferente de la aqu\u00ed expresada.<\/p>\n<p>Asimismo, le informamos que no realizamos tratamiento internacional de datos.<\/p>\n<h3>Plazos de conservaci\u00f3n<\/h3>\n<p>Ejecuci\u00f3n de nuestros servicios: Conservaremos sus datos durante cuatro a\u00f1os desde la extinci\u00f3n de la relaci\u00f3n comercial.<\/p>\n<p>Debe tener en cuenta que el cumplimiento de una obligaci\u00f3n legal puede conllevar la conservaci\u00f3n de sus datos, o parte de ellos, por un periodo superior de tiempo.<\/p>\n<h3>Derechos<\/h3>\n<p>Todos aquellos usuarios cuyos datos personales sean objeto de tratamiento, podr\u00e1n ejercitar gratuitamente los derechos de acceso, rectificaci\u00f3n, supresi\u00f3n de sus datos, oposici\u00f3n al tratamiento, y limitaci\u00f3n al tratamiento, as\u00ed como portabilidad (en los casos que sea posible atendiendo a la legislaci\u00f3n vigente) y de informaci\u00f3n en las decisiones individuales automatizadas (caso de que se realicen).<\/p>\n<p>Estos derechos podr\u00e1n ser ejercitados a trav\u00e9s de una de las siguientes v\u00edas:<\/p>\n<p>o Por escrito, enviando su solicitud, junto con copia de la documentaci\u00f3n acreditativa de su identidad, a la siguiente direcci\u00f3n:<\/p>\n<h4>\u00a0 \u00a0 \u00a0 \u00a0 CENTRO CAPILAR\u00a0 ANA RIESTRA \u2013 Atenci\u00f3n de Datos Personales<\/h4>\n<h4>\u00a0 \u00a0 \u00a0 \u00a0 CALLE DONATO ARG\u00dcELLES 16 ENTRESUELO E 33206 GIJON (ASTURIAS) \u2013 Espa\u00f1a<\/h4>\n<p>o A trav\u00e9s de correo electr\u00f3nico a la direcci\u00f3n anariestra.tecnicacapilar@jaldun.com\u00a0 firmando digitalmente su solicitud mediante el Documento Nacional de Identidad (DNI) electr\u00f3nico espa\u00f1ol, o adjuntando copia de su DNI, no siendo necesaria en este caso m\u00e1s acreditaci\u00f3n por parte de la persona solicitante.<\/p>\n<h3>Autoridad de control<\/h3>\n<p>Si el usuario considera que sus derechos han sido ignorados o vulnerados, ha de saber que puede presentar su reclamaci\u00f3n ante la autoridad de control competente, que en este caso es la Agencia Espa\u00f1ola de Protecci\u00f3n de Datos. Si el interesado as\u00ed lo considera oportuno, tambi\u00e9n puede acudir a cualquier autoridad de control competente dentro de la Uni\u00f3n Europea.[\/vc_column_text][\/vc_column][\/vc_row]<\/p>\n<\/div>","protected":false},"excerpt":{"rendered":"<p>[vc_row][vc_column][vc_column_text css=\u00bb\u00bb]Este sitio web es propiedad, y est\u00e1 bajo responsabilidad de: \u2022 Nombre: ANA RIESTRA DE LA IGLESIA. \u2022 NIF: 10884672Z. \u2022 Direcci\u00f3n: C\/ DONATO&#8230;<\/p>\n","protected":false},"author":1,"featured_media":0,"parent":0,"menu_order":0,"comment_status":"closed","ping_status":"closed","template":"","meta":{"footnotes":""},"class_list":["post-93","page","type-page","status-publish","hentry"],"_links":{"self":[{"href":"https:\/\/www.centrocapilaranariestra.com\/index.php\/wp-json\/wp\/v2\/pages\/93","targetHints":{"allow":["GET"]}}],"collection":[{"href":"https:\/\/www.centrocapilaranariestra.com\/index.php\/wp-json\/wp\/v2\/pages"}],"about":[{"href":"https:\/\/www.centrocapilaranariestra.com\/index.php\/wp-json\/wp\/v2\/types\/page"}],"author":[{"embeddable":true,"href":"https:\/\/www.centrocapilaranariestra.com\/index.php\/wp-json\/wp\/v2\/users\/1"}],"replies":[{"embeddable":true,"href":"https:\/\/www.centrocapilaranariestra.com\/index.php\/wp-json\/wp\/v2\/comments?post=93"}],"version-history":[{"count":2,"href":"https:\/\/www.centrocapilaranariestra.com\/index.php\/wp-json\/wp\/v2\/pages\/93\/revisions"}],"predecessor-version":[{"id":95,"href":"https:\/\/www.centrocapilaranariestra.com\/index.php\/wp-json\/wp\/v2\/pages\/93\/revisions\/95"}],"wp:attachment":[{"href":"https:\/\/www.centrocapilaranariestra.com\/index.php\/wp-json\/wp\/v2\/media?parent=93"}],"curies":[{"name":"wp","href":"https:\/\/api.w.org\/{rel}","templated":true}]}}